{"id":292,"date":"2020-03-06T10:42:12","date_gmt":"2020-03-06T09:42:12","guid":{"rendered":"https:\/\/preconvention.de\/?page_id=292"},"modified":"2020-03-31T14:22:30","modified_gmt":"2020-03-31T12:22:30","slug":"impressum","status":"publish","type":"page","link":"https:\/\/preconvention.de\/?page_id=292","title":{"rendered":"Impressum"},"content":{"rendered":"<p>[et_pb_section fb_built=&#8220;1&#8243; admin_label=&#8220;Hero&#8220; _builder_version=&#8220;4.3.4&#8243; use_background_color_gradient=&#8220;on&#8220; background_color_gradient_start=&#8220;rgba(135,135,135,0.79)&#8220; background_color_gradient_end=&#8220;rgba(237,110,15,0.86)&#8220; background_color_gradient_type=&#8220;radial&#8220; background_color_gradient_direction_radial=&#8220;top left&#8220; background_color_gradient_overlays_image=&#8220;on&#8220; background_image=&#8220;https:\/\/preconvention.de\/wp-content\/uploads\/2020\/03\/construction-33.jpg&#8220; height=&#8220;200px&#8220; custom_margin=&#8220;||||false&#8220; custom_padding=&#8220;4vw||4vw||true|false&#8220;][et_pb_row _builder_version=&#8220;4.3.4&#8243;][et_pb_column type=&#8220;4_4&#8243; _builder_version=&#8220;3.25&#8243; custom_padding=&#8220;|||&#8220; custom_padding__hover=&#8220;|||&#8220;][et_pb_text _builder_version=&#8220;4.3.4&#8243; text_font=&#8220;||||||||&#8220; header_font=&#8220;Rubik|700|||||||&#8220; header_font_size=&#8220;64px&#8220; header_line_height=&#8220;1.1em&#8220; background_layout=&#8220;dark&#8220; max_width=&#8220;800px&#8220; custom_margin=&#8220;||0px|&#8220; custom_padding=&#8220;|||16px&#8220; text_font_size_tablet=&#8220;14px&#8220; text_font_size_last_edited=&#8220;off|desktop&#8220; header_font_size_tablet=&#8220;44px&#8220; header_font_size_phone=&#8220;32px&#8220; header_font_size_last_edited=&#8220;on|phone&#8220; border_color_all=&#8220;#ffb400&#8243; border_style_all=&#8220;none&#8220; border_width_left=&#8220;10px&#8220;]<\/p>\n<h2>Impressum<\/h2>\n<p>[\/et_pb_text][\/et_pb_column][\/et_pb_row][\/et_pb_section][et_pb_section fb_built=&#8220;1&#8243; admin_label=&#8220;Related Services&#8220; _builder_version=&#8220;3.22&#8243; background_color=&#8220;#f7f7f7&#8243;][et_pb_row _builder_version=&#8220;4.3.4&#8243;][et_pb_column type=&#8220;4_4&#8243; _builder_version=&#8220;4.3.4&#8243;][et_pb_text _builder_version=&#8220;4.3.4&#8243;]<\/p>\n<p class=\"bodytext\"><strong>Preconvention GmbH<\/strong><br \/> Gesch\u00e4ftsf\u00fchrer Frank Stetzka<\/p>\n<p class=\"bodytext\">Viktoriastra\u00dfe 10<br \/> 46483 Wesel<\/p>\n<p class=\"bodytext\">Tel.: \u00a0 0281 \/ 164 9860<br \/> Fax: \u00a0\u00a00281 \/ 164 9861<br \/> Email: frank.stetzka@preconvention.de<\/p>\n<p class=\"bodytext\">Steuernummer: 5130\/5937\/2525<br \/> Ust-ID: DE 297962523<\/p>\n<p>HRB 27189<br \/> Amtsgericht Duisburg<\/p>\n<p>&nbsp;<\/p>\n<div id=\"c336\" class=\"csc-default\">\n<div class=\"csc-header csc-header-n2\">\n<h3>Copyright<\/h3>\n<p>&nbsp;<\/p>\n<\/div>\n<p class=\"bodytext\"><b>Texte, Fotos und Design der Website unterliegen dem Copyright und d\u00fcrfen nicht ohne die Zustimmung der Copyright-Inhaber weiterverwendet werden. <\/b><\/p>\n<p class=\"bodytext\">Texte:<br \/> Preconvention<br \/> Frank Stetzka<\/p>\n<p class=\"bodytext\">Fotos: <br \/>www.fotolia.de<br \/> Rechte bei den jeweiligen Rechteinhabern<\/p>\n<p>&nbsp;<\/p>\n<\/div>\n<div class=\"csc-header csc-header-n3\">\n<h3>Haftungsauschluss<\/h3>\n<p>&nbsp;<\/p>\n<\/div>\n<p class=\"bodytext\">1. Inhalt des Onlineangebotes<br \/> Der Autor \u00fcbernimmt keinerlei Gew\u00e4hr f\u00fcr die Aktualit\u00e4t, Korrektheit, Vollst\u00e4ndigkeit oder Qualit\u00e4t der bereitgestellten Informationen. Haftungsanspr\u00fcche gegen den Autor, welche sich auf Sch\u00e4den materieller oder ideeller Art beziehen, die durch die Nutzung oder Nichtnutzung der dargebotenen Informationen bzw. durch die Nutzung fehlerhafter und unvollst\u00e4ndiger Informationen verursacht wurden sind grunds\u00e4tzlich ausgeschlossen, sofern seitens des Autors kein nachweislich vors\u00e4tzliches oder grob fahrl\u00e4ssiges Verschulden vorliegt. Alle Angebote sind freibleibend und unverbindlich. Der Autor beh\u00e4lt es sich ausdr\u00fccklich vor, Teile der Seiten oder das gesamte Angebot ohne gesonderte Ank\u00fcndigung zu ver\u00e4ndern, zu erg\u00e4nzen, zu l\u00f6schen oder die Ver\u00f6ffentlichung zeitweise oder endg\u00fcltig einzustellen.<br \/> <b>Alle Angebote sind freibleibend und unverbindlich.<\/b><\/p>\n<p class=\"bodytext\">2. Verweise und Links<br \/> Bei direkten oder indirekten Verweisen auf fremde Internetseiten (&#8222;Links&#8220;), die au\u00dferhalb des Verantwortungsbereiches des Autors liegen, w\u00fcrde eine Haftungsverpflichtung ausschlie\u00dflich in dem Fall in Kraft treten, in dem der Autor von den Inhalten Kenntnis hat und es ihm technisch m\u00f6glich und zumutbar w\u00e4re, die Nutzung im Falle rechtswidriger Inhalte zu verhindern. Der Autor erkl\u00e4rt daher ausdr\u00fccklich, dass zum Zeitpunkt der Linksetzung die entsprechenden verlinkten Seiten frei von illegalen Inhalten waren. Der Autor hat keinerlei Einfluss auf die aktuelle und zuk\u00fcnftige Gestaltung und auf die Inhalte der gelinkten\/verkn\u00fcpften Seiten. Deshalb distanziert er sich hiermit ausdr\u00fccklich von allen Inhalten aller gelinkten \/verkn\u00fcpften Seiten, die nach der Linksetzung ver\u00e4ndert wurden. Diese Feststellung gilt f\u00fcr alle innerhalb des eigenen Internetangebotes gesetzten Links und Verweise sowie f\u00fcr Fremdeintr\u00e4ge in vom Autor eingerichteten G\u00e4steb\u00fcchern, Diskussionsforen und Mailinglisten. F\u00fcr illegale, fehlerhafte oder unvollst\u00e4ndige Inhalte und insbesondere f\u00fcr Sch\u00e4den, die aus der Nutzung oder Nichtnutzung solcherart dargebotener Informationen entstehen, haftet allein der Anbieter der Seite, auf welche verwiesen wurde, nicht derjenige, der \u00fcber Links auf die jeweilige Ver\u00f6ffentlichung lediglich verweist.<\/p>\n<p>3. Urheber- und Kennzeichenrecht<br \/> Der Autor ist bestrebt, in allen Publikationen die Urheberrechte der verwendeten Grafiken, Tondokumente, Videosequenzen und Texte zu beachten, von ihm selbst erstellte Grafiken, Tondokumente, Videosequenzen und Texte zu nutzen oder auf lizenzfreie Grafiken, Tondokumente, Videosequenzen und Texte zur\u00fcckzugreifen. Alle innerhalb des Internetangebotes genannten und ggf. durch Dritte gesch\u00fctzten Marken- und Warenzeichen unterliegen uneingeschr\u00e4nkt den Bestimmungen des jeweils g\u00fcltigen Kennzeichenrechts und den Besitzrechten der jeweiligen eingetragenen Eigent\u00fcmer. Allein aufgrund der blo\u00dfen Nennung ist nicht der Schlu\u00df zu ziehen, dass Markenzeichen nicht durch Rechte Dritter gesch\u00fctzt sind! Das Copyright f\u00fcr ver\u00f6ffentlichte, vom Autor selbst erstellte Objekte bleibt allein beim Autor der Seiten. Eine Vervielf\u00e4ltigung oder Verwendung solcher Grafiken, Tondokumente, Videosequenzen und Texte in anderen elektronischen oder gedruckten Publikationen ist ohne ausdr\u00fcckliche Zustimmung des Autors nicht gestattet. Die kommerzielle Nutzung der Daten, wie zum Beispiel zum Aufbau eigener Suchsysteme und Dienste bzw. Verzeichnisse jeglicher Art ist untersagt. Au\u00dferdem ist das automatische Auslesen von Daten durch Software strikt untersagt.<\/p>\n<p>4. Haftungsausschluss f\u00fcr bereitgestellte Skripte<br \/> Jegliche Haftung f\u00fcr Anspr\u00fcche, die sich aus der Darstellung in den Abhandlungen ableitet, wird ausdr\u00fccklich ausgeschlossen. Der Inhalt der Manuskripte stellt die Auffassung des Autoren dar und gilt nicht f\u00fcr Beratungs- und Gestaltungsfragen. Die Haftung der Autoren ist ausgeschlossen. Drucken und kopieren f\u00fcr den eigenen Gebrauch ist erlaubt.<\/p>\n<p>5. Datenschutz<br \/> Personenbezogene Daten, die \u00fcber diese Website an den Betreiber \u00fcbermittelt werden, werden nicht ohne ausdr\u00fcckliches Einverst\u00e4ndnis an Dritte weitergegeben. F\u00fcr in \u00f6ffentlichen Bereich wie Foren, Chats oder G\u00e4steb\u00fcchern \u00fcbermittelte Daten und Angaben ist der Nutzer selbst verantwortlich. Ausgenommen hiervon ist die Bearbeitung durch den Arbeitskreis selbst und des beauftragten EDV-Unternehmens.<\/p>\n<p>6. Weitergabe Logindaten f\u00fcr nicht \u00f6ffentliche Bereiche<br \/> Die Weitergabe von Passw\u00f6rtern ist nicht erlaubt, sondern bleibt den jeweiligen angemeldeten Teilnehmern vorbehalten.<\/p>\n<p>7. Pflichten bei der Nutzung \u00f6ffentlicher Bereiche<br \/> \u00d6ffentliche Bereiche sind gekennzeichnet durch die M\u00f6glichkeit f\u00fcr Nutzer Angaben und Inhalte auf der Website f\u00fcr andere lesbar zu hinterlassen. Dazu geh\u00f6ren z.B. Foren, Chats und G\u00e4steb\u00fccher. Beitr\u00e4ge in \u00f6ffentlichen Bereiche d\u00fcrfen nicht gegen gesetzliche Verbote, die guten Sitten und Rechte Dritter versto\u00dfen. Der Betreiber beh\u00e4lt sich ausdr\u00fccklich vor, Beitr\u00e4ge, die diese Regeln verletzen, zu entfernen und den Zugang zur Website f\u00fcr den entsprechenden Nutzer zeitweilig oder auf Dauer zu sperren. Bitte beachten Sie, dass Sie f\u00fcr Ihre Beitr\u00e4ge pers\u00f6nlich sowohl straf- als auch zivilrechtlich haften (vgl. \u00a7 5 Abs. 1 Staatsvertrag \u00fcber Mediendienste und \u00a7 5 Abs. 1 Teledienstegesetz). Mit der Bereitstellung von Beitr\u00e4gen in \u00f6ffentlichen Bereichen erkl\u00e4rt sich der Nutzer stillschweigen dazu bereit, den Betreiber von allen etwaigen Anspr\u00fcchen Dritter freizustellen wie Datenschutz-, Urheber- und Wettbewerbsrechtsverletzungen oder inhaltliche Fehler der Beitr\u00e4ge.<\/p>\n<p class=\"bodytext\">8. Pflichten bei Nutzung von DiskussionsforenMit der Nutzung von Online-Diskussionsforen auf unserer Website erkl\u00e4ren Sie sich bereit, eine sachliche und h\u00f6fliche Diskussionsatmosph\u00e4re zu wahren. Beleidigende oder ehrenr\u00fchrige Angriff auf Personen oder Unternehmen sind zu unterlassen. Die sachliche Kritik ist jederzeit willkommen. Beitr\u00e4ge d\u00fcrfen nicht f\u00fcr vorrangige Werbezwecke verwendet werden. Es ist nur dann zul\u00e4ssig Produkte, Dienstleistungen, Websites oder Unternehmen zu nennen, wenn dies im Kontext der Diskussion dienlich ist. Bei gravierenden F\u00e4llen oder wiederholtem Missbrauch beh\u00e4lt sich der Betreiber die L\u00f6schung des Beitrags und die dauerhafte Sperrung des Nutzers nach Absatz 6 vor.<\/p>\n<p class=\"bodytext\">9. Eintr\u00e4ge in Verzeichnisse der WebsiteTragen sich Personen oder Unternehmen in \u00f6ffentliche Verzeichnisse der Website ein oder Nutzen die angebotenen M\u00f6glichkeiten weitere Informationen zur Verf\u00fcgung zu stellen, wird damit anerkannt, das der Betreiber dazu berechtigt ist, alle dadurch \u00fcbermittelten Informationen zu ver\u00f6ffentlichen. Die Eintragung kann dabei \u00fcber Formulare auf der Website oder durch Kontakt zum Betreiber, z.B. per E-Mail, erfolgen. der Betreiber beh\u00e4lt sich vor, Eintr\u00e4ge nach \u00dcberpr\u00fcfung von der Ver\u00f6ffentlichung auszuschlie\u00dfen. Ein Anrecht auf Eintragung besteht nicht. Die eintragende Person oder das Unternehmen r\u00e4umen dem Betreiber das uneingeschr\u00e4nkte Nutzungsrecht an den mit dem Eintrag verbundenen Informationen ein.<\/p>\n<p class=\"bodytext\">10. Systemintegrit\u00e4tDie Benutzung von Mechanismen, Software oder sonstige Routinen in der Verbindung mit dieser Website, die das Funktionieren der Website st\u00f6ren k\u00f6nnten, sind untersagt. Ma\u00dfnahmen die zu unzumutbaren oder \u00fcberm\u00e4\u00dfige Belastung der Website-Infrastruktur f\u00fchren k\u00f6nnen sind unrechtm\u00e4\u00dfig.<\/p>\n<p class=\"bodytext\">11. Rechtswirksamkeit dieses HaftungsausschlussesDieser Haftungsausschluss ist als Teil des Internetangebotes zu betrachten, von dem aus auf diese Seite verwiesen wurde. Sofern Teile oder einzelne Formulierungen dieses Textes der geltenden Rechtslage nicht, nicht mehr oder nicht vollst\u00e4ndig entsprechen sollten, bleiben die \u00fcbrigen Teile des Dokumentes in ihrem Inhalt und ihrer G\u00fcltigkeit davon unber\u00fchrt.<\/p>\n<p>[\/et_pb_text][\/et_pb_column][\/et_pb_row][\/et_pb_section]<\/p>\n","protected":false},"excerpt":{"rendered":"<p>ImpressumPreconvention GmbH Gesch\u00e4ftsf\u00fchrer Frank Stetzka Viktoriastra\u00dfe 10 46483 Wesel Tel.: \u00a0 0281 \/ 164 9860 Fax: \u00a0\u00a00281 \/ 164 9861 Email: frank.stetzka@preconvention.de Steuernummer: 5130\/5937\/2525 Ust-ID: DE 297962523 HRB 27189 Amtsgericht Duisburg &nbsp; Copyright &nbsp; Texte, Fotos und Design der Website unterliegen dem Copyright und d\u00fcrfen nicht ohne die Zustimmung der Copyright-Inhaber weiterverwendet werden. Texte: Preconvention [&hellip;]<\/p>\n","protected":false},"author":1,"featured_media":0,"parent":0,"menu_order":0,"comment_status":"closed","ping_status":"closed","template":"","meta":{"_et_pb_use_builder":"on","_et_pb_old_content":"","_et_gb_content_width":""},"_links":{"self":[{"href":"https:\/\/preconvention.de\/index.php?rest_route=\/wp\/v2\/pages\/292"}],"collection":[{"href":"https:\/\/preconvention.de\/index.php?rest_route=\/wp\/v2\/pages"}],"about":[{"href":"https:\/\/preconvention.de\/index.php?rest_route=\/wp\/v2\/types\/page"}],"author":[{"embeddable":true,"href":"https:\/\/preconvention.de\/index.php?rest_route=\/wp\/v2\/users\/1"}],"replies":[{"embeddable":true,"href":"https:\/\/preconvention.de\/index.php?rest_route=%2Fwp%2Fv2%2Fcomments&post=292"}],"version-history":[{"count":8,"href":"https:\/\/preconvention.de\/index.php?rest_route=\/wp\/v2\/pages\/292\/revisions"}],"predecessor-version":[{"id":696,"href":"https:\/\/preconvention.de\/index.php?rest_route=\/wp\/v2\/pages\/292\/revisions\/696"}],"wp:attachment":[{"href":"https:\/\/preconvention.de\/index.php?rest_route=%2Fwp%2Fv2%2Fmedia&parent=292"}],"curies":[{"name":"wp","href":"https:\/\/api.w.org\/{rel}","templated":true}]}}