{"id":194,"date":"2020-03-05T16:40:51","date_gmt":"2020-03-05T15:40:51","guid":{"rendered":"https:\/\/preconvention.de\/?page_id=194"},"modified":"2020-04-14T15:55:54","modified_gmt":"2020-04-14T13:55:54","slug":"umweltschutz","status":"publish","type":"page","link":"https:\/\/preconvention.de\/?page_id=194","title":{"rendered":"Umweltschutz"},"content":{"rendered":"<p>[et_pb_section fb_built=&#8220;1&#8243; admin_label=&#8220;Hero&#8220; _builder_version=&#8220;4.3.4&#8243; use_background_color_gradient=&#8220;on&#8220; background_color_gradient_start=&#8220;rgba(135,135,135,0.79)&#8220; background_color_gradient_end=&#8220;rgba(237,110,15,0.86)&#8220; background_color_gradient_type=&#8220;radial&#8220; background_color_gradient_direction_radial=&#8220;top left&#8220; background_color_gradient_overlays_image=&#8220;on&#8220; background_image=&#8220;https:\/\/preconvention.de\/wp-content\/uploads\/2020\/03\/construction-21.jpg&#8220; height=&#8220;200px&#8220; custom_margin=&#8220;||||false&#8220; custom_padding=&#8220;4vw||4vw||true|false&#8220;][et_pb_row column_structure=&#8220;1_4,3_4&#8243; _builder_version=&#8220;3.25&#8243; min_height=&#8220;140px&#8220;][et_pb_column type=&#8220;1_4&#8243; _builder_version=&#8220;3.25&#8243; custom_padding=&#8220;|||&#8220; custom_padding__hover=&#8220;|||&#8220;][et_pb_text _builder_version=&#8220;4.3.4&#8243; text_font=&#8220;||||||||&#8220; header_font=&#8220;Rubik|700|||||||&#8220; header_font_size=&#8220;64px&#8220; header_line_height=&#8220;1.1em&#8220; background_layout=&#8220;dark&#8220; max_width=&#8220;800px&#8220; custom_margin=&#8220;||0px|&#8220; custom_padding=&#8220;|||16px&#8220; text_font_size_tablet=&#8220;14px&#8220; text_font_size_last_edited=&#8220;off|desktop&#8220; header_font_size_tablet=&#8220;44px&#8220; header_font_size_phone=&#8220;32px&#8220; header_font_size_last_edited=&#8220;on|phone&#8220; border_color_all=&#8220;#ffb400&#8243; border_style_all=&#8220;none&#8220; border_width_left=&#8220;10px&#8220;]<\/p>\n<h2>Umweltschutz<\/h2>\n<p>[\/et_pb_text][\/et_pb_column][et_pb_column type=&#8220;3_4&#8243; _builder_version=&#8220;3.25&#8243; custom_padding=&#8220;|||&#8220; custom_padding__hover=&#8220;|||&#8220;][et_pb_code _builder_version=&#8220;4.3.4&#8243; hover_enabled=&#8220;0&#8243; custom_margin=&#8220;||40px||false|false&#8220;][slideshow_deploy id=&#8217;701&#8242;][\/et_pb_code][\/et_pb_column][\/et_pb_row][\/et_pb_section][et_pb_section fb_built=&#8220;1&#8243; admin_label=&#8220;About Us&#8220; _builder_version=&#8220;3.22&#8243;][et_pb_row column_structure=&#8220;3_4,1_4&#8243; _builder_version=&#8220;4.3.4&#8243;][et_pb_column type=&#8220;3_4&#8243; _builder_version=&#8220;4.3.4&#8243;][et_pb_text _builder_version=&#8220;4.3.4&#8243;]<\/p>\n<p class=\"bodytext\">Der Umweltschutz hat sich in Deutschland zunehmend zu einem sehr sensiblen Thema entwickelt. Die Vorgaben basieren auf einer Vielzahl von Gesetzen und Rechtsvorschriften. Bereits bei der Planung von Anlagen greifen Vorschriften, die darauf abzielen, bestimmte Umweltbeeintr\u00e4chtigungen zu einem sp\u00e4teren Zeitpunkt zu vermeiden. Beispiele hierf\u00fcr sind vor allem das Gesetz \u00fcber die Umweltvertr\u00e4glichkeitspr\u00fcfung, aber auch das Baugesetzbuch und das Raumordnungsgesetz.<\/p>\n<p class=\"bodytext\">Im Umweltschutz gilt auch das Verursacherprinzip, d.h. die Kosten zur Vermeidung, zur Beseitigung und zum Ausgleich von Umweltbeeintr\u00e4chtigungen werden dem Verursacher zugerechnet. Somit besteht auch ein dringendes wirtschaftliches Interesse an der Einhaltung der Vorgaben.<\/p>\n<p class=\"bodytext\">Die Umsetzung der gesetzlichen Verpflichtungen verlangt von Ihnen nicht nur fachliche Kompetenz, sondern auch eine geeignete Organisation und ein gutes Management zur Steuerung des betrieblichen Umweltschutzes.<\/p>\n<p class=\"bodytext\">Das Umweltrecht fordert vom Unternehmer im Rahmen der betrieblichen Organisation, Aufgaben wie Beratungs-, Kontroll- und Initiativpflichten auf spezielle Fachkr\u00e4fte zu \u00fcbertragen, die als interne oder externe Betriebsbeauftragte zu bestellen sind. Dies sind je nach Gr\u00f6\u00dfe und Branche des Unternehmens z. B. Immissionsschutz-, Abfall-, Gew\u00e4sserschutz-, St\u00f6rfall-, Explosionsschutz- oder Gefahrgutbeauftragte.<\/p>\n<p class=\"bodytext\">Wir als breit aufgestelltes Expertenteam\u00a0<span style=\"font-size: 14px;\">stellen Ihnen die ganze Breite unserer Kompetenz und Erfahrung zur Verf\u00fcgung und helfen Ihnen bei der Einhaltung der gesetzlichen Vorgaben und sorgen so f\u00fcr die notwendige Planungssicherheit.<\/span><\/p>\n<p>[\/et_pb_text][\/et_pb_column][et_pb_column type=&#8220;1_4&#8243; _builder_version=&#8220;4.3.4&#8243;][et_pb_text _builder_version=&#8220;4.3.4&#8243; custom_margin=&#8220;||1px|||&#8220; custom_padding=&#8220;||27px|||&#8220;]<\/p>\n<h5><strong>\u00a0 Referenzen<\/strong><\/h5>\n<p>[\/et_pb_text][et_pb_divider color=&#8220;#e09900&#8243; _builder_version=&#8220;4.3.4&#8243; min_height=&#8220;33px&#8220; custom_margin=&#8220;-20px||-10px||false|false&#8220; custom_padding=&#8220;||22px|10px||&#8220;][\/et_pb_divider][et_pb_image src=&#8220;https:\/\/preconvention.de\/wp-content\/uploads\/2020\/03\/50ad3493cc.png&#8220; _builder_version=&#8220;4.3.4&#8243; custom_margin=&#8220;||41px|||&#8220; custom_padding=&#8220;||0px|||&#8220;][\/et_pb_image][et_pb_image src=&#8220;https:\/\/preconvention.de\/wp-content\/uploads\/2020\/03\/22204af63b.png&#8220; _builder_version=&#8220;4.3.4&#8243; custom_margin=&#8220;||43px|||&#8220;][\/et_pb_image][et_pb_image src=&#8220;https:\/\/preconvention.de\/wp-content\/uploads\/2020\/03\/139f8ef546.jpg&#8220; _builder_version=&#8220;4.3.4&#8243; custom_margin=&#8220;||24px|||&#8220; custom_padding=&#8220;||26px|||&#8220;][\/et_pb_image][et_pb_image src=&#8220;https:\/\/preconvention.de\/wp-content\/uploads\/2020\/03\/oleon.jpg&#8220; _builder_version=&#8220;4.3.4&#8243;][\/et_pb_image][\/et_pb_column][\/et_pb_row][et_pb_row column_structure=&#8220;1_3,1_3,1_3&#8243; _builder_version=&#8220;4.3.4&#8243;][et_pb_column type=&#8220;1_3&#8243; _builder_version=&#8220;4.3.4&#8243;][et_pb_text _builder_version=&#8220;4.3.4&#8243;]<\/p>\n<div class=\"et_pb_module et_pb_blurb et_pb_blurb_0  et_pb_text_align_left  et_pb_blurb_position_left et_pb_bg_layout_light et_had_animation\">\n<div class=\"et_pb_blurb_content\">\n<p><strong>Beauftragte im Umweltschutz:<\/strong><\/p>\n<p>&nbsp;<\/p>\n<ul>\n<li>Immissionsschutzbeauftragter<\/li>\n<\/ul>\n<\/div>\n<\/div>\n<div class=\"et_pb_module et_pb_blurb et_pb_blurb_1  et_pb_text_align_left  et_pb_blurb_position_left et_pb_bg_layout_light et_had_animation\">\n<div class=\"et_pb_blurb_content\">\n<ul>\n<li>Gew\u00e4sserschutzbeauftragter<\/li>\n<\/ul>\n<\/div>\n<\/div>\n<div class=\"et_pb_module et_pb_blurb et_pb_blurb_2  et_pb_text_align_left  et_pb_blurb_position_left et_pb_bg_layout_light et_had_animation\">\n<div class=\"et_pb_blurb_content\">\n<ul>\n<li>Abfallbeauftragter<\/li>\n<\/ul>\n<\/div>\n<\/div>\n<div class=\"et_pb_module et_pb_blurb et_pb_blurb_3  et_pb_text_align_left  et_pb_blurb_position_left et_pb_bg_layout_light et_had_animation\">\n<div class=\"et_pb_blurb_content\">\n<ul>\n<li>St\u00f6rfallbeauftragter<\/li>\n<\/ul>\n<\/div>\n<\/div>\n<div class=\"et_pb_module et_pb_blurb et_pb_blurb_4  et_pb_text_align_left  et_pb_blurb_position_left et_pb_bg_layout_light et_had_animation\">\n<div class=\"et_pb_blurb_content\">\n<ul>\n<li>Gefahrgutbeauftragter<\/li>\n<\/ul>\n<\/div>\n<\/div>\n<div class=\"et_pb_module et_pb_blurb et_pb_blurb_5  et_pb_text_align_left  et_pb_blurb_position_left et_pb_bg_layout_light et_had_animation\">\n<div class=\"et_pb_blurb_content\">\n<ul>\n<li>Explosionsschutzbeauftragter<\/li>\n<\/ul>\n<\/div>\n<\/div>\n<p>[\/et_pb_text][\/et_pb_column][et_pb_column type=&#8220;1_3&#8243; _builder_version=&#8220;4.3.4&#8243;][et_pb_text _builder_version=&#8220;4.3.4&#8243; custom_margin=&#8220;|-229px||||&#8220;]<\/p>\n<p class=\"bodytext\"><b>Sprechen Sie mit uns&#8230;<\/b><\/p>\n<p><b> <\/b><\/p>\n<p><b> <\/b>Gerne erstellen wir Ihnen ein unverbindliches, auf die individuellen Bed\u00fcrfnisse Ihres Unternehmens zugeschnittenes Angebot.<\/p>\n<p>[\/et_pb_text][\/et_pb_column][et_pb_column type=&#8220;1_3&#8243; _builder_version=&#8220;4.3.4&#8243;][\/et_pb_column][\/et_pb_row][\/et_pb_section]<\/p>\n","protected":false},"excerpt":{"rendered":"<p>Umweltschutz[slideshow_deploy id=&#8217;701&#8242;]Der Umweltschutz hat sich in Deutschland zunehmend zu einem sehr sensiblen Thema entwickelt. Die Vorgaben basieren auf einer Vielzahl von Gesetzen und Rechtsvorschriften. Bereits bei der Planung von Anlagen greifen Vorschriften, die darauf abzielen, bestimmte Umweltbeeintr\u00e4chtigungen zu einem sp\u00e4teren Zeitpunkt zu vermeiden. Beispiele hierf\u00fcr sind vor allem das Gesetz \u00fcber die Umweltvertr\u00e4glichkeitspr\u00fcfung, aber auch [&hellip;]<\/p>\n","protected":false},"author":1,"featured_media":0,"parent":0,"menu_order":0,"comment_status":"closed","ping_status":"closed","template":"","meta":{"_et_pb_use_builder":"on","_et_pb_old_content":"","_et_gb_content_width":""},"_links":{"self":[{"href":"https:\/\/preconvention.de\/index.php?rest_route=\/wp\/v2\/pages\/194"}],"collection":[{"href":"https:\/\/preconvention.de\/index.php?rest_route=\/wp\/v2\/pages"}],"about":[{"href":"https:\/\/preconvention.de\/index.php?rest_route=\/wp\/v2\/types\/page"}],"author":[{"embeddable":true,"href":"https:\/\/preconvention.de\/index.php?rest_route=\/wp\/v2\/users\/1"}],"replies":[{"embeddable":true,"href":"https:\/\/preconvention.de\/index.php?rest_route=%2Fwp%2Fv2%2Fcomments&post=194"}],"version-history":[{"count":24,"href":"https:\/\/preconvention.de\/index.php?rest_route=\/wp\/v2\/pages\/194\/revisions"}],"predecessor-version":[{"id":704,"href":"https:\/\/preconvention.de\/index.php?rest_route=\/wp\/v2\/pages\/194\/revisions\/704"}],"wp:attachment":[{"href":"https:\/\/preconvention.de\/index.php?rest_route=%2Fwp%2Fv2%2Fmedia&parent=194"}],"curies":[{"name":"wp","href":"https:\/\/api.w.org\/{rel}","templated":true}]}}