{"id":130,"date":"2020-03-04T16:42:40","date_gmt":"2020-03-04T15:42:40","guid":{"rendered":"https:\/\/preconvention.de\/?page_id=130"},"modified":"2021-02-15T12:10:40","modified_gmt":"2021-02-15T11:10:40","slug":"das-unternehmen-2","status":"publish","type":"page","link":"https:\/\/preconvention.de\/?page_id=130","title":{"rendered":"Das Unternehmen"},"content":{"rendered":"<p>[et_pb_section fb_built=&#8220;1&#8243; admin_label=&#8220;Hero&#8220; _builder_version=&#8220;4.3.4&#8243; use_background_color_gradient=&#8220;on&#8220; background_color_gradient_start=&#8220;rgba(135,135,135,0.79)&#8220; background_color_gradient_end=&#8220;rgba(235,110,15,0.86)&#8220; background_color_gradient_type=&#8220;radial&#8220; background_color_gradient_direction_radial=&#8220;top left&#8220; background_color_gradient_overlays_image=&#8220;on&#8220; background_image=&#8220;https:\/\/preconvention.de\/wp-content\/uploads\/2020\/03\/construction-23.jpg&#8220; height=&#8220;200px&#8220; custom_margin=&#8220;||||false&#8220; custom_padding=&#8220;4vw||4vw||true|false&#8220; locked=&#8220;off&#8220;][et_pb_row column_structure=&#8220;1_3,2_3&#8243; _builder_version=&#8220;3.25&#8243; custom_padding=&#8220;28px|||||&#8220;][et_pb_column type=&#8220;1_3&#8243; _builder_version=&#8220;3.25&#8243; custom_padding=&#8220;|||&#8220; custom_padding__hover=&#8220;|||&#8220;][et_pb_text _builder_version=&#8220;4.3.4&#8243; min_height=&#8220;48px&#8220; custom_padding=&#8220;|||8px||&#8220;]<\/p>\n<h2><span style=\"color: #ffffff;\">\u00a0Die Preconvention GmbH<\/span><\/h2>\n<p>[\/et_pb_text][\/et_pb_column][et_pb_column type=&#8220;2_3&#8243; _builder_version=&#8220;4.3.4&#8243;][et_pb_image src=&#8220;https:\/\/preconvention.de\/wp-content\/uploads\/2020\/03\/Unternehmen.jpg&#8220; _builder_version=&#8220;4.3.4&#8243; custom_margin=&#8220;|||10px||&#8220; custom_padding=&#8220;|||59px||&#8220;][\/et_pb_image][\/et_pb_column][\/et_pb_row][\/et_pb_section][et_pb_section fb_built=&#8220;1&#8243; custom_padding_last_edited=&#8220;on|tablet&#8220; admin_label=&#8220;Services&#8220; _builder_version=&#8220;4.3.4&#8243; custom_margin=&#8220;|||&#8220; custom_padding=&#8220;0|0px|0||false|false&#8220; custom_padding_tablet=&#8220;|||0%&#8220; custom_padding_phone=&#8220;&#8220;][et_pb_row column_structure=&#8220;2_3,1_3&#8243; _builder_version=&#8220;4.3.4&#8243; custom_padding=&#8220;108px|||||&#8220;][et_pb_column type=&#8220;2_3&#8243; _builder_version=&#8220;4.3.4&#8243;][et_pb_text _builder_version=&#8220;4.3.4&#8243;]<\/p>\n<div id=\"c21\" class=\"csc-default\">\n<p class=\"align-justify align-center align-left\">Bevor Frank Stetzka im Jahre 2006 die Firma Preconvention als Ingenieurb\u00fcro f\u00fcr Arbeitssicherheit, Umwelt- und Gesundheitsschutz in Wesel gr\u00fcndete, war er<b> <\/b>fast 20 Jahre als Fachkraft f\u00fcr<b>\u00a0<\/b>Arbeitssicherheit und Umweltbeauftragter f\u00fcr Konzerne der Stahl- und Chemieindustrie t\u00e4tig.<\/p>\n<p class=\"bodytext\">Heute betreut die Firma Preconvention mit einem Team unterschiedlichster Spezialisten Unternehmen in\u00a0verschiedenen Bereichen der Industrie, des\u00a0 Gewerbes und des Handwerks. Das Leistungsspektrum reicht dabei von der klassischen Betreuung als externe Fachkraft f\u00fcr Arbeitssicherheit \u00fcber die Betreuung von Baustellen als SiGeKo bis zur Stellung diverser Beauftragter im Umweltschutz.<\/p>\n<\/div>\n<p>[\/et_pb_text][\/et_pb_column][et_pb_column type=&#8220;1_3&#8243; _builder_version=&#8220;4.3.4&#8243;][et_pb_text _builder_version=&#8220;4.3.4&#8243; width=&#8220;86.3%&#8220; custom_margin=&#8220;-25px|||45px|false|false&#8220;]<\/p>\n<p style=\"text-align: left;\"><b><\/b><\/p>\n<p style=\"text-align: left;\"><b><\/b><\/p>\n<p style=\"text-align: left;\"><b>B\u00fcro Wesel<\/b><\/p>\n<p style=\"text-align: left;\">Viktoriastra\u00dfe 10<br \/> 46483 Wesel<br \/> Tel.: 0281 \/ 164 986-0<br \/> Fax: 0281 \/ 164 986-1<\/p>\n<p>[\/et_pb_text][\/et_pb_column][\/et_pb_row][et_pb_row column_structure=&#8220;1_4,3_4&#8243; _builder_version=&#8220;4.3.4&#8243;][et_pb_column type=&#8220;1_4&#8243; _builder_version=&#8220;4.3.4&#8243;][et_pb_image src=&#8220;https:\/\/preconvention.de\/wp-content\/uploads\/2020\/03\/fstetzka.jpg&#8220; align=&#8220;center&#8220; _builder_version=&#8220;4.3.4&#8243; custom_margin=&#8220;|||0px|false|false&#8220;][\/et_pb_image][\/et_pb_column][et_pb_column type=&#8220;3_4&#8243; _builder_version=&#8220;4.3.4&#8243;][et_pb_text _builder_version=&#8220;4.3.4&#8243; custom_margin=&#8220;||||false|false&#8220;]<\/p>\n<p class=\"bodytext\"><b>Frank Stetzka<br \/> <\/b>Dipl.-Ing. f\u00fcr Produktionstechnik<\/p>\n<ul>\n<li>Fachkraft f\u00fcr Arbeitssicherheit<\/li>\n<li>Immissionsschutzbeauftragter<\/li>\n<li>St\u00f6rfallbeauftragter<\/li>\n<li>Abfallbeauftragter<\/li>\n<li>Gefahrgutbeauftragter<\/li>\n<li>Qualit\u00e4tsmanagementbeauftragter<\/li>\n<li>Sicherheits- und Gesundheitsschutzkoordinator f\u00fcr Baustellen<\/li>\n<li>Explosionsschutzbeauftragter<\/li>\n<\/ul>\n<p>[\/et_pb_text][\/et_pb_column][\/et_pb_row][\/et_pb_section]<\/p>\n","protected":false},"excerpt":{"rendered":"<p>\u00a0Die Preconvention GmbH Bevor Frank Stetzka im Jahre 2006 die Firma Preconvention als Ingenieurb\u00fcro f\u00fcr Arbeitssicherheit, Umwelt- und Gesundheitsschutz in Wesel gr\u00fcndete, war er fast 20 Jahre als Fachkraft f\u00fcr\u00a0Arbeitssicherheit und Umweltbeauftragter f\u00fcr Konzerne der Stahl- und Chemieindustrie t\u00e4tig. Heute betreut die Firma Preconvention mit einem Team unterschiedlichster Spezialisten Unternehmen in\u00a0verschiedenen Bereichen der Industrie, des\u00a0 [&hellip;]<\/p>\n","protected":false},"author":1,"featured_media":0,"parent":0,"menu_order":0,"comment_status":"closed","ping_status":"closed","template":"","meta":{"_et_pb_use_builder":"on","_et_pb_old_content":"","_et_gb_content_width":""},"_links":{"self":[{"href":"https:\/\/preconvention.de\/index.php?rest_route=\/wp\/v2\/pages\/130"}],"collection":[{"href":"https:\/\/preconvention.de\/index.php?rest_route=\/wp\/v2\/pages"}],"about":[{"href":"https:\/\/preconvention.de\/index.php?rest_route=\/wp\/v2\/types\/page"}],"author":[{"embeddable":true,"href":"https:\/\/preconvention.de\/index.php?rest_route=\/wp\/v2\/users\/1"}],"replies":[{"embeddable":true,"href":"https:\/\/preconvention.de\/index.php?rest_route=%2Fwp%2Fv2%2Fcomments&post=130"}],"version-history":[{"count":22,"href":"https:\/\/preconvention.de\/index.php?rest_route=\/wp\/v2\/pages\/130\/revisions"}],"predecessor-version":[{"id":733,"href":"https:\/\/preconvention.de\/index.php?rest_route=\/wp\/v2\/pages\/130\/revisions\/733"}],"wp:attachment":[{"href":"https:\/\/preconvention.de\/index.php?rest_route=%2Fwp%2Fv2%2Fmedia&parent=130"}],"curies":[{"name":"wp","href":"https:\/\/api.w.org\/{rel}","templated":true}]}}