{"id":13,"date":"2020-03-04T13:39:42","date_gmt":"2020-03-04T12:39:42","guid":{"rendered":"https:\/\/preconvention.de\/?page_id=13"},"modified":"2021-02-15T12:35:36","modified_gmt":"2021-02-15T11:35:36","slug":"13-2","status":"publish","type":"page","link":"https:\/\/preconvention.de\/?page_id=13","title":{"rendered":"SiGeKo"},"content":{"rendered":"<p>[et_pb_section fb_built=&#8220;1&#8243; admin_label=&#8220;Hero&#8220; _builder_version=&#8220;4.3.4&#8243; use_background_color_gradient=&#8220;on&#8220; background_color_gradient_start=&#8220;rgba(153,153,153,0.79)&#8220; background_color_gradient_end=&#8220;rgba(237,110,15,0.86)&#8220; background_color_gradient_type=&#8220;radial&#8220; background_color_gradient_direction_radial=&#8220;top left&#8220; background_color_gradient_overlays_image=&#8220;on&#8220; background_image=&#8220;https:\/\/preconvention.de\/wp-content\/uploads\/2020\/03\/construction-33.jpg&#8220; height=&#8220;200px&#8220; custom_margin=&#8220;||||false&#8220; custom_padding=&#8220;4vw||4vw||true|false&#8220; border_style_all=&#8220;none&#8220; locked=&#8220;off&#8220;][et_pb_row column_structure=&#8220;1_3,2_3&#8243; _builder_version=&#8220;4.3.4&#8243; width=&#8220;100%&#8220; min_height=&#8220;239px&#8220; custom_margin=&#8220;-35px|auto|-35px|auto|true|&#8220; custom_padding=&#8220;58px|34px|0px|||&#8220; border_style_all=&#8220;none&#8220;][et_pb_column type=&#8220;1_3&#8243; _builder_version=&#8220;3.25&#8243; custom_padding=&#8220;|||&#8220; custom_padding__hover=&#8220;|||&#8220;][et_pb_text _builder_version=&#8220;4.3.4&#8243; text_font=&#8220;||||||||&#8220; header_font=&#8220;Rubik|700|||||||&#8220; header_text_align=&#8220;left&#8220; header_line_height=&#8220;1.1em&#8220; header_2_text_align=&#8220;left&#8220; header_2_text_color=&#8220;#ffffff&#8220; background_layout=&#8220;dark&#8220; max_width=&#8220;356px&#8220; custom_margin=&#8220;|-24px|0px|32px||&#8220; custom_padding=&#8220;1px||51px|16px||&#8220; text_font_size_tablet=&#8220;14px&#8220; text_font_size_last_edited=&#8220;off|desktop&#8220; header_font_size_tablet=&#8220;44px&#8220; header_font_size_phone=&#8220;32px&#8220; header_font_size_last_edited=&#8220;on|phone&#8220; border_color_all=&#8220;#ffb400&#8243; border_style_all=&#8220;none&#8220; border_width_left=&#8220;10px&#8220; locked=&#8220;off&#8220;]<\/p>\n<h2 class=\"csc-firstHeader\">Sicherheits- und Gesundheitsschutz-Koordinator f\u00fcr Baustellen (SiGeKo)<\/h2>\n<p>[\/et_pb_text][\/et_pb_column][et_pb_column type=&#8220;2_3&#8243; _builder_version=&#8220;3.25&#8243; custom_padding=&#8220;|||&#8220; custom_padding__hover=&#8220;|||&#8220;][et_pb_image src=&#8220;https:\/\/preconvention.de\/wp-content\/uploads\/2020\/03\/Bild_Startseite.jpg&#8220; _builder_version=&#8220;4.3.4&#8243; width=&#8220;100%&#8220; min_height=&#8220;70px&#8220; custom_margin=&#8220;|39px||24px|false|false&#8220; custom_padding=&#8220;|||89px||&#8220; hover_enabled=&#8220;0&#8243;][\/et_pb_image][\/et_pb_column][\/et_pb_row][\/et_pb_section][et_pb_section fb_built=&#8220;1&#8243; admin_label=&#8220;Related Services&#8220; _builder_version=&#8220;3.22&#8243; background_color=&#8220;#f7f7f7&#8243; min_height=&#8220;1895px&#8220; custom_padding=&#8220;|25px||||&#8220; locked=&#8220;off&#8220;][et_pb_row column_structure=&#8220;3_4,1_4&#8243; _builder_version=&#8220;4.3.4&#8243; width=&#8220;83.9%&#8220; min_height=&#8220;377px&#8220; custom_margin=&#8220;-49px|auto|-26px|auto|false|false&#8220; custom_padding=&#8220;36px|0px||||&#8220;][et_pb_column type=&#8220;3_4&#8243; _builder_version=&#8220;4.3.4&#8243;][et_pb_text _builder_version=&#8220;4.3.4&#8243; width=&#8220;100%&#8220; min_height=&#8220;487px&#8220; custom_margin=&#8220;|0px|||false|false&#8220; custom_padding=&#8220;35px|7px|0px|17px||&#8220;]<\/p>\n<div id=\"c318\" class=\"csc-default\">\n<p class=\"bodytext\">D<span style=\"font-size: 14px;\">ie bereits im Jahre 1998 in Kraft getretene und z<\/span><span style=\"font-size: 14px;\">uletzt im Juni 2017 ge\u00e4nderte <\/span><strong style=\"font-size: 14px;\">Verordnung \u00fcber Sicherheit- und Gesundheitsschutz auf Baustellen (Baustellenverordnung),<\/strong><span style=\"font-size: 14px;\"> verpflichtet den Bauherrn <span>einen SiGeKo zu bestellen<\/span>, wenn auf seiner Baustelle Besch\u00e4ftigte mehrerer Arbeitgeber t\u00e4tig werden.\u00a0<\/span><\/p>\n<p class=\"bodytext\">Vergisst der Bauherr einen SiGeKo zu beauftragen, zieht das nicht nur ein empfindliches Bu\u00dfgeld des Amtes f\u00fcr Arbeitsschutz nach sich. Im Falle eines Unfalls auf der Baustelle, besteht f\u00fcr die Unfallversicherung die M\u00f6glichkeit den Bauherrn in Regress zu nehmen.<span style=\"font-size: 14px;\"><\/span><\/p>\n<p class=\"bodytext\"><span style=\"font-size: 14px;\">Die Aufgabe des SiGeKos als Fachexperte ist es, Bauherrn, Planer, Architekten und ausf\u00fchrende Baubetriebe hinsichtlich Sicherheit und Gesundheitsschutz in den verschiedenen Bauphasen zu unterst\u00fctzen und zu beraten. Er hat durch sein Fachwissen dazu beizutragen, das Bauvorhaben, den Bauablauf und die sp\u00e4teren Arbeiten an der baulichen Anlage zu jeder Zeit sicher zu gestalten.<\/span><\/p>\n<\/div>\n<div id=\"c30\" class=\"csc-default\">\n<p class=\"bodytext\"><strong>Wir bieten Ihnen s\u00e4mtliche Dienstleistungen zur Erf\u00fcllung der Erfordernisse der Baustellenverordnung aus einer Hand:<\/strong><\/p>\n<ul>\n<li><span>Einbringen der Sicherheits- und Gesundheitsschutzaspekte in die Entwurfs- und\u00a0 Ausf\u00fchrungsplanung<\/span><\/li>\n<li><span>Analyse der geplanten Baut\u00e4tigkeiten und geplanten Abl\u00e4ufe auf Wechselwirkungen<\/span><\/li>\n<li><span>Vorank\u00fcndigung der Baustelle bei der zust\u00e4ndigen Beh\u00f6rde<\/span><\/li>\n<li><span>Erstellen und kommunizieren der Baustellenordnung<\/span><\/li>\n<li><span>Ausarbeitung der bei der Baustelleneinrichtung zu beachtenden Anforderungen und zu ber\u00fccksichtigenden Sicherheitsma\u00dfnahmen<\/span><\/li>\n<li><span>Erstellung des SiGe-Plans und der Unterlage f\u00fcr das sp\u00e4tere Bauwerk sowie Vertretung des Bauherrn gegen\u00fcber den beteiligten Beh\u00f6rden und Berufsgenossenschaften<\/span><\/li>\n<li><span>Beratung aller Beteiligten bei der Umsetzung von organisatorischen und technischen Vorgaben hinsichtlich der Baustellensicherheit<\/span><\/li>\n<li><span>Baustellenbegehungen<\/span><span> zur Koordinierung der Gewerke\/Auftragnehmer zur Reduzierung gegenseitiger Gef\u00e4hrdungen und Erstellung der Baustellenberichte<\/span><\/li>\n<li><span>Unterweisung der Verantwortlichen der Gewerke zur Beseitigung bestehender M\u00e4ngel<\/span><\/li>\n<\/ul>\n<\/div>\n<p>[\/et_pb_text][et_pb_image src=&#8220;https:\/\/preconvention.de\/wp-content\/uploads\/2020\/03\/Tabelle-Sigeko.jpg&#8220; _builder_version=&#8220;4.3.4&#8243;][\/et_pb_image][\/et_pb_column][et_pb_column type=&#8220;1_4&#8243; _builder_version=&#8220;4.3.4&#8243;][et_pb_text _builder_version=&#8220;4.3.4&#8243; custom_margin=&#8220;34px||10px|||&#8220;]<\/p>\n<h5><strong>Referenzen<\/strong><\/h5>\n<p>[\/et_pb_text][et_pb_divider color=&#8220;#e09900&#8243; _builder_version=&#8220;4.3.4&#8243; min_height=&#8220;43px&#8220; custom_margin=&#8220;||-1px|||&#8220;][\/et_pb_divider][et_pb_image src=&#8220;https:\/\/preconvention.de\/wp-content\/uploads\/2020\/03\/fed8c836f1.png&#8220; _builder_version=&#8220;4.3.4&#8243;][\/et_pb_image][et_pb_image src=&#8220;https:\/\/preconvention.de\/wp-content\/uploads\/2020\/03\/Stadt_Wesel.png&#8220; _builder_version=&#8220;4.3.4&#8243;][\/et_pb_image][et_pb_image src=&#8220;https:\/\/preconvention.de\/wp-content\/uploads\/2020\/03\/Stadt-M\u00fclheimxx-2.png&#8220; _builder_version=&#8220;4.3.4&#8243;][\/et_pb_image][et_pb_image src=&#8220;https:\/\/preconvention.de\/wp-content\/uploads\/2020\/03\/Gewo.jpg&#8220; _builder_version=&#8220;4.3.4&#8243;][\/et_pb_image][et_pb_image src=&#8220;https:\/\/preconvention.de\/wp-content\/uploads\/2020\/03\/GWB.png&#8220; _builder_version=&#8220;4.3.4&#8243;][\/et_pb_image][et_pb_image src=&#8220;https:\/\/preconvention.de\/wp-content\/uploads\/2020\/03\/H\u00fclskens1.jpg&#8220; _builder_version=&#8220;4.3.4&#8243;][\/et_pb_image][et_pb_image src=&#8220;https:\/\/preconvention.de\/wp-content\/uploads\/2020\/03\/Emmerich.jpg&#8220; _builder_version=&#8220;4.3.4&#8243;][\/et_pb_image][et_pb_image src=&#8220;https:\/\/preconvention.de\/wp-content\/uploads\/2020\/03\/Schott.png&#8220; _builder_version=&#8220;4.3.4&#8243;][\/et_pb_image][et_pb_image src=&#8220;https:\/\/preconvention.de\/wp-content\/uploads\/2020\/03\/Eberl-Lohmeyer.png&#8220; _builder_version=&#8220;4.3.4&#8243;][\/et_pb_image][et_pb_image src=&#8220;https:\/\/preconvention.de\/wp-content\/uploads\/2020\/03\/logo_blb.png&#8220; _builder_version=&#8220;4.3.4&#8243;][\/et_pb_image][et_pb_image src=&#8220;https:\/\/preconvention.de\/wp-content\/uploads\/2020\/03\/Bovenkerk.jpg&#8220; _builder_version=&#8220;4.3.4&#8243;][\/et_pb_image][et_pb_image src=&#8220;https:\/\/preconvention.de\/wp-content\/uploads\/2020\/03\/Lebenshilfe.png&#8220; _builder_version=&#8220;4.3.4&#8243;][\/et_pb_image][\/et_pb_column][\/et_pb_row][\/et_pb_section]<\/p>\n","protected":false},"excerpt":{"rendered":"<p>Sicherheits- und Gesundheitsschutz-Koordinator f\u00fcr Baustellen (SiGeKo) Die bereits im Jahre 1998 in Kraft getretene und zuletzt im Juni 2017 ge\u00e4nderte Verordnung \u00fcber Sicherheit- und Gesundheitsschutz auf Baustellen (Baustellenverordnung), verpflichtet den Bauherrn einen SiGeKo zu bestellen, wenn auf seiner Baustelle Besch\u00e4ftigte mehrerer Arbeitgeber t\u00e4tig werden.\u00a0 Vergisst der Bauherr einen SiGeKo zu beauftragen, zieht das nicht nur [&hellip;]<\/p>\n","protected":false},"author":1,"featured_media":0,"parent":0,"menu_order":0,"comment_status":"closed","ping_status":"closed","template":"","meta":{"_et_pb_use_builder":"on","_et_pb_old_content":"","_et_gb_content_width":""},"_links":{"self":[{"href":"https:\/\/preconvention.de\/index.php?rest_route=\/wp\/v2\/pages\/13"}],"collection":[{"href":"https:\/\/preconvention.de\/index.php?rest_route=\/wp\/v2\/pages"}],"about":[{"href":"https:\/\/preconvention.de\/index.php?rest_route=\/wp\/v2\/types\/page"}],"author":[{"embeddable":true,"href":"https:\/\/preconvention.de\/index.php?rest_route=\/wp\/v2\/users\/1"}],"replies":[{"embeddable":true,"href":"https:\/\/preconvention.de\/index.php?rest_route=%2Fwp%2Fv2%2Fcomments&post=13"}],"version-history":[{"count":52,"href":"https:\/\/preconvention.de\/index.php?rest_route=\/wp\/v2\/pages\/13\/revisions"}],"predecessor-version":[{"id":742,"href":"https:\/\/preconvention.de\/index.php?rest_route=\/wp\/v2\/pages\/13\/revisions\/742"}],"wp:attachment":[{"href":"https:\/\/preconvention.de\/index.php?rest_route=%2Fwp%2Fv2%2Fmedia&parent=13"}],"curies":[{"name":"wp","href":"https:\/\/api.w.org\/{rel}","templated":true}]}}